{"id":1458,"date":"2023-09-20T15:06:45","date_gmt":"2023-09-20T18:06:45","guid":{"rendered":"https:\/\/huaming.com.br\/es\/?page_id=1458"},"modified":"2023-11-14T10:59:22","modified_gmt":"2023-11-14T13:59:22","slug":"cambiadores-sin-carga","status":"publish","type":"page","link":"https:\/\/huaming.com.br\/es\/cambiadores-sin-carga\/","title":{"rendered":"Cambiadores sin Carga"},"content":{"rendered":"\t\t<div data-elementor-type=\"wp-page\" data-elementor-id=\"1458\" class=\"elementor elementor-1458\" data-elementor-post-type=\"page\">\n\t\t\t\t\t\t\t\t\t<section class=\"elementor-section elementor-top-section elementor-element elementor-element-bff0f04 elementor-section-full_width elementor-section-height-default elementor-section-height-default\" data-id=\"bff0f04\" data-element_type=\"section\" data-settings=\"{&quot;background_background&quot;:&quot;classic&quot;,&quot;ekit_has_onepagescroll_dot&quot;:&quot;yes&quot;}\">\n\t\t\t\t\t\t<div class=\"elementor-container elementor-column-gap-no\">\n\t\t\t\t\t<div class=\"elementor-column elementor-col-100 elementor-top-column elementor-element elementor-element-cd51000\" data-id=\"cd51000\" data-element_type=\"column\">\n\t\t\t<div class=\"elementor-widget-wrap elementor-element-populated\">\n\t\t\t\t\t\t\t\t<div class=\"elementor-element elementor-element-0c5e00f elementor-widget elementor-widget-heading\" data-id=\"0c5e00f\" data-element_type=\"widget\" data-settings=\"{&quot;ekit_we_effect_on&quot;:&quot;none&quot;}\" data-widget_type=\"heading.default\">\n\t\t\t\t<div class=\"elementor-widget-container\">\n\t\t\t<style>\/*! elementor - v3.18.0 - 20-12-2023 *\/\n.elementor-heading-title{padding:0;margin:0;line-height:1}.elementor-widget-heading .elementor-heading-title[class*=elementor-size-]>a{color:inherit;font-size:inherit;line-height:inherit}.elementor-widget-heading .elementor-heading-title.elementor-size-small{font-size:15px}.elementor-widget-heading .elementor-heading-title.elementor-size-medium{font-size:19px}.elementor-widget-heading .elementor-heading-title.elementor-size-large{font-size:29px}.elementor-widget-heading .elementor-heading-title.elementor-size-xl{font-size:39px}.elementor-widget-heading .elementor-heading-title.elementor-size-xxl{font-size:59px}<\/style><h1 class=\"elementor-heading-title elementor-size-default\">CAMBIADORES SIN CARGA <\/h1>\t\t<\/div>\n\t\t\t\t<\/div>\n\t\t\t\t\t<\/div>\n\t\t<\/div>\n\t\t\t\t\t\t\t<\/div>\n\t\t<\/section>\n\t\t\t\t<section class=\"elementor-section elementor-top-section elementor-element elementor-element-ee147ba elementor-section-full_width elementor-section-height-default elementor-section-height-default\" data-id=\"ee147ba\" data-element_type=\"section\" data-settings=\"{&quot;ekit_has_onepagescroll_dot&quot;:&quot;yes&quot;}\">\n\t\t\t\t\t\t<div class=\"elementor-container elementor-column-gap-no\">\n\t\t\t\t\t<div class=\"elementor-column elementor-col-100 elementor-top-column elementor-element elementor-element-533b584\" data-id=\"533b584\" data-element_type=\"column\">\n\t\t\t<div class=\"elementor-widget-wrap elementor-element-populated\">\n\t\t\t\t\t\t\t\t<div class=\"elementor-element elementor-element-c3fdb77 elementor-widget__width-initial elementor-widget-laptop__width-initial elementor-widget elementor-widget-heading\" data-id=\"c3fdb77\" data-element_type=\"widget\" data-settings=\"{&quot;ekit_we_effect_on&quot;:&quot;none&quot;}\" data-widget_type=\"heading.default\">\n\t\t\t\t<div class=\"elementor-widget-container\">\n\t\t\t<h2 class=\"elementor-heading-title elementor-size-default\">Conozca nuestra l\u00ednea de cambiadores sin carga <\/h2>\t\t<\/div>\n\t\t\t\t<\/div>\n\t\t\t\t<div class=\"elementor-element elementor-element-1935d00 elementor-widget elementor-widget-spacer\" data-id=\"1935d00\" data-element_type=\"widget\" data-settings=\"{&quot;ekit_we_effect_on&quot;:&quot;none&quot;}\" data-widget_type=\"spacer.default\">\n\t\t\t\t<div class=\"elementor-widget-container\">\n\t\t\t<style>\/*! elementor - v3.18.0 - 20-12-2023 *\/\n.elementor-column .elementor-spacer-inner{height:var(--spacer-size)}.e-con{--container-widget-width:100%}.e-con-inner>.elementor-widget-spacer,.e-con>.elementor-widget-spacer{width:var(--container-widget-width,var(--spacer-size));--align-self:var(--container-widget-align-self,initial);--flex-shrink:0}.e-con-inner>.elementor-widget-spacer>.elementor-widget-container,.e-con>.elementor-widget-spacer>.elementor-widget-container{height:100%;width:100%}.e-con-inner>.elementor-widget-spacer>.elementor-widget-container>.elementor-spacer,.e-con>.elementor-widget-spacer>.elementor-widget-container>.elementor-spacer{height:100%}.e-con-inner>.elementor-widget-spacer>.elementor-widget-container>.elementor-spacer>.elementor-spacer-inner,.e-con>.elementor-widget-spacer>.elementor-widget-container>.elementor-spacer>.elementor-spacer-inner{height:var(--container-widget-height,var(--spacer-size))}.e-con-inner>.elementor-widget-spacer.elementor-widget-empty,.e-con>.elementor-widget-spacer.elementor-widget-empty{position:relative;min-height:22px;min-width:22px}.e-con-inner>.elementor-widget-spacer.elementor-widget-empty .elementor-widget-empty-icon,.e-con>.elementor-widget-spacer.elementor-widget-empty .elementor-widget-empty-icon{position:absolute;top:0;bottom:0;left:0;right:0;margin:auto;padding:0;width:22px;height:22px}<\/style>\t\t<div class=\"elementor-spacer\">\n\t\t\t<div class=\"elementor-spacer-inner\"><\/div>\n\t\t<\/div>\n\t\t\t\t<\/div>\n\t\t\t\t<\/div>\n\t\t\t\t<div class=\"elementor-element elementor-element-0585f37 elementor-widget__width-initial elementor-widget-tablet__width-inherit elementor-widget elementor-widget-heading\" data-id=\"0585f37\" data-element_type=\"widget\" data-settings=\"{&quot;ekit_we_effect_on&quot;:&quot;none&quot;}\" data-widget_type=\"heading.default\">\n\t\t\t\t<div class=\"elementor-widget-container\">\n\t\t\t<p class=\"elementor-heading-title elementor-size-default\">Huaming ofrece todas las soluciones necesarias para maniobras en vac\u00edo (cambios de posici\u00f3n, reconexiones, etc.) a trav\u00e9s de cambiadores en vac\u00edo rotativos y lineales, con versiones cil\u00edndricas y diferentes combinaciones de conexiones y n\u00fameros de fases.\u202fSu construcci\u00f3n reduce considerablemente el espacio requerido para su instalaci\u00f3n, atendiendo corrientes de hasta 3.000A y una tensi\u00f3n nominal m\u00e1xima de conmutaci\u00f3n de 252kV (BIL 1050), que ofrecen adem\u00e1s alternativas con accionamiento manual y motorizado. <\/p>\t\t<\/div>\n\t\t\t\t<\/div>\n\t\t\t\t\t<\/div>\n\t\t<\/div>\n\t\t\t\t\t\t\t<\/div>\n\t\t<\/section>\n\t\t\t\t<section class=\"elementor-section elementor-top-section elementor-element elementor-element-37de972 elementor-section-full_width elementor-section-height-default elementor-section-height-default\" data-id=\"37de972\" data-element_type=\"section\" data-settings=\"{&quot;ekit_has_onepagescroll_dot&quot;:&quot;yes&quot;}\">\n\t\t\t\t\t\t<div class=\"elementor-container elementor-column-gap-no\">\n\t\t\t\t\t<div class=\"elementor-column elementor-col-100 elementor-top-column elementor-element elementor-element-1465a87\" data-id=\"1465a87\" data-element_type=\"column\">\n\t\t\t<div class=\"elementor-widget-wrap elementor-element-populated\">\n\t\t\t\t\t\t\t\t<div class=\"elementor-element elementor-element-c15585f elementor-widget elementor-widget-spacer\" data-id=\"c15585f\" data-element_type=\"widget\" data-settings=\"{&quot;ekit_we_effect_on&quot;:&quot;none&quot;}\" data-widget_type=\"spacer.default\">\n\t\t\t\t<div class=\"elementor-widget-container\">\n\t\t\t\t\t<div class=\"elementor-spacer\">\n\t\t\t<div class=\"elementor-spacer-inner\"><\/div>\n\t\t<\/div>\n\t\t\t\t<\/div>\n\t\t\t\t<\/div>\n\t\t\t\t<section class=\"elementor-section elementor-inner-section elementor-element elementor-element-c7760d8 elementor-section-full_width elementor-section-height-default elementor-section-height-default\" data-id=\"c7760d8\" data-element_type=\"section\" data-settings=\"{&quot;ekit_has_onepagescroll_dot&quot;:&quot;yes&quot;}\">\n\t\t\t\t\t\t<div class=\"elementor-container elementor-column-gap-default\">\n\t\t\t\t\t<div class=\"elementor-column elementor-col-33 elementor-inner-column elementor-element elementor-element-8da5811\" data-id=\"8da5811\" data-element_type=\"column\">\n\t\t\t<div class=\"elementor-widget-wrap elementor-element-populated\">\n\t\t\t\t\t\t\t\t<div class=\"elementor-element elementor-element-23612ad elementor-widget__width-initial elementor-widget-laptop__width-initial elementor-widget-tablet__width-initial elementor-widget elementor-widget-image\" data-id=\"23612ad\" data-element_type=\"widget\" data-settings=\"{&quot;ekit_we_effect_on&quot;:&quot;none&quot;}\" data-widget_type=\"image.default\">\n\t\t\t\t<div class=\"elementor-widget-container\">\n\t\t\t<style>\/*! elementor - v3.18.0 - 20-12-2023 *\/\n.elementor-widget-image{text-align:center}.elementor-widget-image a{display:inline-block}.elementor-widget-image a img[src$=\".svg\"]{width:48px}.elementor-widget-image img{vertical-align:middle;display:inline-block}<\/style>\t\t\t\t\t\t\t\t\t\t\t\t\t<a href=\"https:\/\/huaming.com.br\/es\/cambiadores-sin-carga\/wsl-e-wdl\/\">\n\t\t\t\t\t\t\t<img fetchpriority=\"high\" decoding=\"async\" width=\"525\" height=\"570\" src=\"https:\/\/huaming.com.br\/es\/wp-content\/uploads\/2023\/09\/9-WDL@2x.webp\" class=\"attachment-large size-large wp-image-1462\" alt=\"\" srcset=\"https:\/\/huaming.com.br\/es\/wp-content\/uploads\/2023\/09\/9-WDL@2x.webp 766w, https:\/\/huaming.com.br\/es\/wp-content\/uploads\/2023\/09\/9-WDL@2x-276x300.webp 276w\" sizes=\"100vw\" \/>\t\t\t\t\t\t\t\t<\/a>\n\t\t\t\t\t\t\t\t\t\t\t\t\t\t\t<\/div>\n\t\t\t\t<\/div>\n\t\t\t\t<div class=\"elementor-element elementor-element-f98e0aa elementor-widget__width-initial elementor-widget-tablet__width-initial button--home elementor-widget elementor-widget-elementskit-button\" data-id=\"f98e0aa\" data-element_type=\"widget\" data-settings=\"{&quot;ekit_we_effect_on&quot;:&quot;none&quot;}\" data-widget_type=\"elementskit-button.default\">\n\t\t\t\t<div class=\"elementor-widget-container\">\n\t\t\t<div class=\"ekit-wid-con\" >\t\t<div class=\"ekit-btn-wraper\">\n\t\t\t\t\t\t\t<a href=\"https:\/\/huaming.com.br\/es\/cambiadores-sin-carga\/wsl-e-wdl\/\" class=\"elementskit-btn  whitespace--normal\" >\n\t\t\t\t\tWSL &amp; WDL\n\t\t\t\t\t<i aria-hidden=\"true\" class=\"fas fa-plus\"><\/i>\n\t\t\t\t<\/a>\n\t\t\t\t\t\t<\/div>\n        <\/div>\t\t<\/div>\n\t\t\t\t<\/div>\n\t\t\t\t\t<\/div>\n\t\t<\/div>\n\t\t\t\t<div class=\"elementor-column elementor-col-33 elementor-inner-column elementor-element elementor-element-e8c5346\" data-id=\"e8c5346\" data-element_type=\"column\">\n\t\t\t<div class=\"elementor-widget-wrap elementor-element-populated\">\n\t\t\t\t\t\t\t\t<div class=\"elementor-element elementor-element-7c9f8ad elementor-widget__width-initial elementor-widget-laptop__width-initial elementor-widget-tablet__width-initial elementor-widget elementor-widget-image\" data-id=\"7c9f8ad\" data-element_type=\"widget\" data-settings=\"{&quot;ekit_we_effect_on&quot;:&quot;none&quot;}\" data-widget_type=\"image.default\">\n\t\t\t\t<div class=\"elementor-widget-container\">\n\t\t\t\t\t\t\t\t\t\t\t\t\t\t\t\t<a href=\"https:\/\/huaming.com.br\/es\/cambiadores-sin-carga\/wdg\/\">\n\t\t\t\t\t\t\t<img decoding=\"async\" width=\"525\" height=\"570\" src=\"https:\/\/huaming.com.br\/es\/wp-content\/uploads\/2023\/09\/WDG@2x.webp\" class=\"attachment-large size-large wp-image-1461\" alt=\"\" srcset=\"https:\/\/huaming.com.br\/es\/wp-content\/uploads\/2023\/09\/WDG@2x.webp 766w, https:\/\/huaming.com.br\/es\/wp-content\/uploads\/2023\/09\/WDG@2x-276x300.webp 276w\" sizes=\"100vw\" \/>\t\t\t\t\t\t\t\t<\/a>\n\t\t\t\t\t\t\t\t\t\t\t\t\t\t\t<\/div>\n\t\t\t\t<\/div>\n\t\t\t\t<div class=\"elementor-element elementor-element-2464236 elementor-widget__width-initial elementor-widget-tablet__width-initial button--home elementor-widget elementor-widget-elementskit-button\" data-id=\"2464236\" data-element_type=\"widget\" data-settings=\"{&quot;ekit_we_effect_on&quot;:&quot;none&quot;}\" data-widget_type=\"elementskit-button.default\">\n\t\t\t\t<div class=\"elementor-widget-container\">\n\t\t\t<div class=\"ekit-wid-con\" >\t\t<div class=\"ekit-btn-wraper\">\n\t\t\t\t\t\t\t<a href=\"https:\/\/huaming.com.br\/es\/cambiadores-sin-carga\/wdg\/\" class=\"elementskit-btn  whitespace--normal\" >\n\t\t\t\t\tWDG \/ WLG \/ WSG\n\t\t\t\t\t<i aria-hidden=\"true\" class=\"fas fa-plus\"><\/i>\n\t\t\t\t<\/a>\n\t\t\t\t\t\t<\/div>\n        <\/div>\t\t<\/div>\n\t\t\t\t<\/div>\n\t\t\t\t\t<\/div>\n\t\t<\/div>\n\t\t\t\t<div class=\"elementor-column elementor-col-33 elementor-inner-column elementor-element elementor-element-d913190\" data-id=\"d913190\" data-element_type=\"column\">\n\t\t\t<div class=\"elementor-widget-wrap elementor-element-populated\">\n\t\t\t\t\t\t\t\t<div class=\"elementor-element elementor-element-43aa577 elementor-widget__width-initial elementor-widget-laptop__width-initial elementor-widget-tablet__width-initial elementor-widget elementor-widget-image\" data-id=\"43aa577\" data-element_type=\"widget\" data-settings=\"{&quot;ekit_we_effect_on&quot;:&quot;none&quot;}\" data-widget_type=\"image.default\">\n\t\t\t\t<div class=\"elementor-widget-container\">\n\t\t\t\t\t\t\t\t\t\t\t\t\t\t\t\t<a href=\"https:\/\/huaming.com.br\/es\/cambiadores-sin-carga\/zwc\/\">\n\t\t\t\t\t\t\t<img decoding=\"async\" width=\"525\" height=\"570\" src=\"https:\/\/huaming.com.br\/es\/wp-content\/uploads\/2023\/09\/11-ZWC@2x.webp\" class=\"attachment-large size-large wp-image-1460\" alt=\"\" srcset=\"https:\/\/huaming.com.br\/es\/wp-content\/uploads\/2023\/09\/11-ZWC@2x.webp 766w, https:\/\/huaming.com.br\/es\/wp-content\/uploads\/2023\/09\/11-ZWC@2x-276x300.webp 276w\" sizes=\"100vw\" \/>\t\t\t\t\t\t\t\t<\/a>\n\t\t\t\t\t\t\t\t\t\t\t\t\t\t\t<\/div>\n\t\t\t\t<\/div>\n\t\t\t\t<div class=\"elementor-element elementor-element-9bf7ca0 elementor-widget__width-initial elementor-widget-tablet__width-initial button--home elementor-widget elementor-widget-elementskit-button\" data-id=\"9bf7ca0\" data-element_type=\"widget\" data-settings=\"{&quot;ekit_we_effect_on&quot;:&quot;none&quot;}\" data-widget_type=\"elementskit-button.default\">\n\t\t\t\t<div class=\"elementor-widget-container\">\n\t\t\t<div class=\"ekit-wid-con\" >\t\t<div class=\"ekit-btn-wraper\">\n\t\t\t\t\t\t\t<a href=\"https:\/\/huaming.com.br\/es\/cambiadores-sin-carga\/zwc\/\" class=\"elementskit-btn  whitespace--normal\" >\n\t\t\t\t\tZWC\n\t\t\t\t\t<i aria-hidden=\"true\" class=\"fas fa-plus\"><\/i>\n\t\t\t\t<\/a>\n\t\t\t\t\t\t<\/div>\n        <\/div>\t\t<\/div>\n\t\t\t\t<\/div>\n\t\t\t\t\t<\/div>\n\t\t<\/div>\n\t\t\t\t\t\t\t<\/div>\n\t\t<\/section>\n\t\t\t\t\t<\/div>\n\t\t<\/div>\n\t\t\t\t\t\t\t<\/div>\n\t\t<\/section>\n\t\t\t\t\t\t\t<\/div>\n\t\t","protected":false},"excerpt":{"rendered":"<p>CAMBIADORES SIN CARGA Conozca nuestra l\u00ednea de cambiadores sin carga Huaming ofrece todas las soluciones necesarias para maniobras en vac\u00edo (cambios de posici\u00f3n, reconexiones, etc.) a trav\u00e9s de cambiadores en vac\u00edo rotativos y lineales, con versiones cil\u00edndricas y diferentes combinaciones de conexiones y n\u00fameros de fases.\u202fSu construcci\u00f3n reduce considerablemente el espacio requerido para su instalaci\u00f3n, &hellip; <\/p>\n<p class=\"link-more\"><a href=\"https:\/\/huaming.com.br\/es\/cambiadores-sin-carga\/\" class=\"more-link\">Continuar a ler <span class=\"screen-reader-text\">&#8220;Cambiadores sin Carga&#8221;<\/span><\/a><\/p>\n","protected":false},"author":2,"featured_media":0,"parent":0,"menu_order":0,"comment_status":"closed","ping_status":"closed","template":"elementor_header_footer","meta":{"footnotes":""},"class_list":["post-1458","page","type-page","status-publish","hentry"],"acf":[],"yoast_head":"<!-- This site is optimized with the Yoast SEO plugin v21.9.1 - https:\/\/yoast.com\/wordpress\/plugins\/seo\/ -->\n<title>Cambiadores sin Carga - Huaming<\/title>\n<meta name=\"description\" content=\"Huaming ofrece todas las soluciones necesarias para maniobras en vac\u00edo (cambios de posici\u00f3n, reconexiones, etc.) a trav\u00e9s de cambiadores en vac\u00edo rotativos y lineales.\" \/>\n<meta name=\"robots\" content=\"index, follow, max-snippet:-1, max-image-preview:large, max-video-preview:-1\" \/>\n<link rel=\"canonical\" href=\"https:\/\/huaming.com.br\/es\/cambiadores-sin-carga\/\" \/>\n<meta property=\"og:locale\" content=\"pt_PT\" \/>\n<meta property=\"og:type\" content=\"article\" \/>\n<meta property=\"og:title\" content=\"Cambiadores sin Carga - Huaming\" \/>\n<meta property=\"og:description\" content=\"Huaming ofrece todas las soluciones necesarias para maniobras en vac\u00edo (cambios de posici\u00f3n, reconexiones, etc.) a trav\u00e9s de cambiadores en vac\u00edo rotativos y lineales.\" \/>\n<meta property=\"og:url\" content=\"https:\/\/huaming.com.br\/es\/cambiadores-sin-carga\/\" \/>\n<meta property=\"og:site_name\" content=\"Huaming\" \/>\n<meta property=\"article:modified_time\" content=\"2023-11-14T13:59:22+00:00\" \/>\n<meta property=\"og:image\" content=\"https:\/\/huaming.com.br\/es\/wp-content\/uploads\/2023\/09\/9-WDL@2x.webp\" \/>\n<meta name=\"twitter:card\" content=\"summary_large_image\" \/>\n<meta name=\"twitter:label1\" content=\"Tempo estimado de leitura\" \/>\n\t<meta name=\"twitter:data1\" content=\"2 minutos\" \/>\n<script type=\"application\/ld+json\" class=\"yoast-schema-graph\">{\"@context\":\"https:\/\/schema.org\",\"@graph\":[{\"@type\":\"WebPage\",\"@id\":\"https:\/\/huaming.com.br\/es\/cambiadores-sin-carga\/\",\"url\":\"https:\/\/huaming.com.br\/es\/cambiadores-sin-carga\/\",\"name\":\"Cambiadores sin Carga - Huaming\",\"isPartOf\":{\"@id\":\"https:\/\/huaming.com.br\/es\/#website\"},\"datePublished\":\"2023-09-20T18:06:45+00:00\",\"dateModified\":\"2023-11-14T13:59:22+00:00\",\"description\":\"Huaming ofrece todas las soluciones necesarias para maniobras en vac\u00edo (cambios de posici\u00f3n, reconexiones, etc.) a trav\u00e9s de cambiadores en vac\u00edo rotativos y lineales.\",\"breadcrumb\":{\"@id\":\"https:\/\/huaming.com.br\/es\/cambiadores-sin-carga\/#breadcrumb\"},\"inLanguage\":\"pt-PT\",\"potentialAction\":[{\"@type\":\"ReadAction\",\"target\":[\"https:\/\/huaming.com.br\/es\/cambiadores-sin-carga\/\"]}]},{\"@type\":\"BreadcrumbList\",\"@id\":\"https:\/\/huaming.com.br\/es\/cambiadores-sin-carga\/#breadcrumb\",\"itemListElement\":[{\"@type\":\"ListItem\",\"position\":1,\"name\":\"Home\",\"item\":\"https:\/\/huaming.com.br\/es\/\"},{\"@type\":\"ListItem\",\"position\":2,\"name\":\"Cambiadores sin Carga\"}]},{\"@type\":\"WebSite\",\"@id\":\"https:\/\/huaming.com.br\/es\/#website\",\"url\":\"https:\/\/huaming.com.br\/es\/\",\"name\":\"Huaming\",\"description\":\"L\u00edder mundial na fabrica\u00e7\u00e3o de comutadores\",\"publisher\":{\"@id\":\"https:\/\/huaming.com.br\/es\/#organization\"},\"potentialAction\":[{\"@type\":\"SearchAction\",\"target\":{\"@type\":\"EntryPoint\",\"urlTemplate\":\"https:\/\/huaming.com.br\/es\/?s={search_term_string}\"},\"query-input\":\"required name=search_term_string\"}],\"inLanguage\":\"pt-PT\"},{\"@type\":\"Organization\",\"@id\":\"https:\/\/huaming.com.br\/es\/#organization\",\"name\":\"Huaming\",\"url\":\"https:\/\/huaming.com.br\/es\/\",\"logo\":{\"@type\":\"ImageObject\",\"inLanguage\":\"pt-PT\",\"@id\":\"https:\/\/huaming.com.br\/es\/#\/schema\/logo\/image\/\",\"url\":\"https:\/\/huaming.com.br\/es\/wp-content\/uploads\/2023\/01\/Huaming.png\",\"contentUrl\":\"https:\/\/huaming.com.br\/es\/wp-content\/uploads\/2023\/01\/Huaming.png\",\"width\":278,\"height\":204,\"caption\":\"Huaming\"},\"image\":{\"@id\":\"https:\/\/huaming.com.br\/es\/#\/schema\/logo\/image\/\"}}]}<\/script>\n<!-- \/ Yoast SEO plugin. -->","yoast_head_json":{"title":"Cambiadores sin Carga - Huaming","description":"Huaming ofrece todas las soluciones necesarias para maniobras en vac\u00edo (cambios de posici\u00f3n, reconexiones, etc.) a trav\u00e9s de cambiadores en vac\u00edo rotativos y lineales.","robots":{"index":"index","follow":"follow","max-snippet":"max-snippet:-1","max-image-preview":"max-image-preview:large","max-video-preview":"max-video-preview:-1"},"canonical":"https:\/\/huaming.com.br\/es\/cambiadores-sin-carga\/","og_locale":"pt_PT","og_type":"article","og_title":"Cambiadores sin Carga - Huaming","og_description":"Huaming ofrece todas las soluciones necesarias para maniobras en vac\u00edo (cambios de posici\u00f3n, reconexiones, etc.) a trav\u00e9s de cambiadores en vac\u00edo rotativos y lineales.","og_url":"https:\/\/huaming.com.br\/es\/cambiadores-sin-carga\/","og_site_name":"Huaming","article_modified_time":"2023-11-14T13:59:22+00:00","og_image":[{"url":"https:\/\/huaming.com.br\/es\/wp-content\/uploads\/2023\/09\/9-WDL@2x.webp"}],"twitter_card":"summary_large_image","twitter_misc":{"Tempo estimado de leitura":"2 minutos"},"schema":{"@context":"https:\/\/schema.org","@graph":[{"@type":"WebPage","@id":"https:\/\/huaming.com.br\/es\/cambiadores-sin-carga\/","url":"https:\/\/huaming.com.br\/es\/cambiadores-sin-carga\/","name":"Cambiadores sin Carga - Huaming","isPartOf":{"@id":"https:\/\/huaming.com.br\/es\/#website"},"datePublished":"2023-09-20T18:06:45+00:00","dateModified":"2023-11-14T13:59:22+00:00","description":"Huaming ofrece todas las soluciones necesarias para maniobras en vac\u00edo (cambios de posici\u00f3n, reconexiones, etc.) a trav\u00e9s de cambiadores en vac\u00edo rotativos y lineales.","breadcrumb":{"@id":"https:\/\/huaming.com.br\/es\/cambiadores-sin-carga\/#breadcrumb"},"inLanguage":"pt-PT","potentialAction":[{"@type":"ReadAction","target":["https:\/\/huaming.com.br\/es\/cambiadores-sin-carga\/"]}]},{"@type":"BreadcrumbList","@id":"https:\/\/huaming.com.br\/es\/cambiadores-sin-carga\/#breadcrumb","itemListElement":[{"@type":"ListItem","position":1,"name":"Home","item":"https:\/\/huaming.com.br\/es\/"},{"@type":"ListItem","position":2,"name":"Cambiadores sin Carga"}]},{"@type":"WebSite","@id":"https:\/\/huaming.com.br\/es\/#website","url":"https:\/\/huaming.com.br\/es\/","name":"Huaming","description":"L\u00edder mundial na fabrica\u00e7\u00e3o de comutadores","publisher":{"@id":"https:\/\/huaming.com.br\/es\/#organization"},"potentialAction":[{"@type":"SearchAction","target":{"@type":"EntryPoint","urlTemplate":"https:\/\/huaming.com.br\/es\/?s={search_term_string}"},"query-input":"required name=search_term_string"}],"inLanguage":"pt-PT"},{"@type":"Organization","@id":"https:\/\/huaming.com.br\/es\/#organization","name":"Huaming","url":"https:\/\/huaming.com.br\/es\/","logo":{"@type":"ImageObject","inLanguage":"pt-PT","@id":"https:\/\/huaming.com.br\/es\/#\/schema\/logo\/image\/","url":"https:\/\/huaming.com.br\/es\/wp-content\/uploads\/2023\/01\/Huaming.png","contentUrl":"https:\/\/huaming.com.br\/es\/wp-content\/uploads\/2023\/01\/Huaming.png","width":278,"height":204,"caption":"Huaming"},"image":{"@id":"https:\/\/huaming.com.br\/es\/#\/schema\/logo\/image\/"}}]}},"_links":{"self":[{"href":"https:\/\/huaming.com.br\/es\/wp-json\/wp\/v2\/pages\/1458","targetHints":{"allow":["GET"]}}],"collection":[{"href":"https:\/\/huaming.com.br\/es\/wp-json\/wp\/v2\/pages"}],"about":[{"href":"https:\/\/huaming.com.br\/es\/wp-json\/wp\/v2\/types\/page"}],"author":[{"embeddable":true,"href":"https:\/\/huaming.com.br\/es\/wp-json\/wp\/v2\/users\/2"}],"replies":[{"embeddable":true,"href":"https:\/\/huaming.com.br\/es\/wp-json\/wp\/v2\/comments?post=1458"}],"version-history":[{"count":45,"href":"https:\/\/huaming.com.br\/es\/wp-json\/wp\/v2\/pages\/1458\/revisions"}],"predecessor-version":[{"id":3907,"href":"https:\/\/huaming.com.br\/es\/wp-json\/wp\/v2\/pages\/1458\/revisions\/3907"}],"wp:attachment":[{"href":"https:\/\/huaming.com.br\/es\/wp-json\/wp\/v2\/media?parent=1458"}],"curies":[{"name":"wp","href":"https:\/\/api.w.org\/{rel}","templated":true}]}}